{"id":1302,"date":"2022-11-14T23:52:00","date_gmt":"2022-11-14T23:52:00","guid":{"rendered":"https:\/\/phregroup.com\/mkt\/yoo\/?page_id=1302"},"modified":"2022-11-14T23:53:05","modified_gmt":"2022-11-14T23:53:05","slug":"aviso-de-privacidad","status":"publish","type":"page","link":"https:\/\/phregroup.com\/mkt\/yoo\/aviso-de-privacidad\/","title":{"rendered":"Aviso de privacidad"},"content":{"rendered":"\t\t<div data-elementor-type=\"wp-page\" data-elementor-id=\"1302\" class=\"elementor elementor-1302\">\n\t\t\t\t\t\t<section class=\"elementor-section elementor-top-section elementor-element elementor-element-648d1418 elementor-section-height-min-height elementor-section-boxed elementor-section-height-default elementor-section-items-middle\" data-id=\"648d1418\" data-element_type=\"section\" data-e-type=\"section\" data-settings=\"{&quot;background_background&quot;:&quot;classic&quot;}\">\n\t\t\t\t\t\t<div class=\"elementor-container elementor-column-gap-default\">\n\t\t\t\t\t<div class=\"elementor-column elementor-col-100 elementor-top-column elementor-element elementor-element-58d42c7 hero_privacidad\" data-id=\"58d42c7\" data-element_type=\"column\" data-e-type=\"column\">\n\t\t\t<div class=\"elementor-widget-wrap elementor-element-populated\">\n\t\t\t\t\t\t<div class=\"elementor-element elementor-element-6b975009 elementor-widget elementor-widget-heading\" data-id=\"6b975009\" data-element_type=\"widget\" data-e-type=\"widget\" data-widget_type=\"heading.default\">\n\t\t\t\t<div class=\"elementor-widget-container\">\n\t\t\t\t\t<h1 class=\"elementor-heading-title elementor-size-default\">Aviso de Privacidad<\/h1>\t\t\t\t<\/div>\n\t\t\t\t<\/div>\n\t\t\t\t\t<\/div>\n\t\t<\/div>\n\t\t\t\t\t<\/div>\n\t\t<\/section>\n\t\t\t\t<section class=\"elementor-section elementor-top-section elementor-element elementor-element-3cf78f7e elementor-section-boxed elementor-section-height-default elementor-section-height-default\" data-id=\"3cf78f7e\" data-element_type=\"section\" data-e-type=\"section\">\n\t\t\t\t\t\t<div class=\"elementor-container elementor-column-gap-default\">\n\t\t\t\t\t<div class=\"elementor-column elementor-col-100 elementor-top-column elementor-element elementor-element-233ad3bd\" data-id=\"233ad3bd\" data-element_type=\"column\" data-e-type=\"column\">\n\t\t\t<div class=\"elementor-widget-wrap elementor-element-populated\">\n\t\t\t\t\t\t<div class=\"elementor-element elementor-element-499e616 elementor-widget-divider--view-line elementor-widget elementor-widget-divider\" data-id=\"499e616\" data-element_type=\"widget\" data-e-type=\"widget\" data-widget_type=\"divider.default\">\n\t\t\t\t<div class=\"elementor-widget-container\">\n\t\t\t\t\t\t\t<div class=\"elementor-divider\">\n\t\t\t<span class=\"elementor-divider-separator\">\n\t\t\t\t\t\t<\/span>\n\t\t<\/div>\n\t\t\t\t\t\t<\/div>\n\t\t\t\t<\/div>\n\t\t\t\t<div class=\"elementor-element elementor-element-4ca7a6fe elementor-widget elementor-widget-text-editor\" data-id=\"4ca7a6fe\" data-element_type=\"widget\" data-e-type=\"widget\" data-widget_type=\"text-editor.default\">\n\t\t\t\t<div class=\"elementor-widget-container\">\n\t\t\t\t\t\t\t\t\t<p>PHRE Group (la \u201cEmpresa\u201d) con domicilio en Ciudad de Panam\u00e1, \u00c1rea bancaria, Av. Aquilino de la Guardia, Ocean Business Plaza, Oficina 1504, es responsable de recabar sus datos personales, del uso que se le d\u00e9 a los mismos y de su protecci\u00f3n.<\/p><p>La solicitud de llenado del cualquier formulario generado por la Empresa, tienen como finalidad que los datos personales y\/o sensibles, en su caso, recabados puedan ser utilizados para la debida operaci\u00f3n de la Empresa, incluyendo su transmisi\u00f3n a otras Instituciones, Agencias Calificadoras y autoridades competentes que tengan necesidad de conocerlos para el debido cumplimiento de los fines de esta empresa, con el objeto de que los mismos sean utilizados para efectos informativos, administrativos, de mercadotecnia, ventas y estad\u00edsticos, incluyendo de manera enunciativa m\u00e1s no limitativa, la validaci\u00f3n de cualquier documento que sea expedido a favor del usuario; la confirmaci\u00f3n de la autenticidad de la documentaci\u00f3n que usted entregue; la entrega de dichos datos a cualquier autoridad competente que lo solicite:<\/p><p>Para lo cual requerimos los siguientes datos:<\/p><ul><li>Nombre completo<\/li><li>Apellidos<\/li><li>Correo electr\u00f3nico<\/li><li>Tel\u00e9fono de casa, oficina<\/li><li>Tel\u00e9fono m\u00f3vil<\/li><li>Cualquier otro dato que sea necesario para la debida prestaci\u00f3n de los servicios de la Empresa<\/li><\/ul><p>Para las finalidades indicadas en el presente aviso de privacidad, la Empresa puede recabar sus datos personales de la siguiente manera:<\/p><ul><li>Proporcionados directamente por el usuario.<\/li><li>Obtenidas a trav\u00e9s de otras fuentes permitidas por Ley.<\/li><li>Por visitas al sitio de Internet de la Empresa o el uso de sus servicios en l\u00ednea.<\/li><\/ul><p>Cabe mencionar, que al accesar sitios de internet, se podr\u00e1n encontrar con \u201ccookies\u201d que son archivos de texto que son descargados autom\u00e1ticamente y almacenados en el disco duro del equipo de c\u00f3mputo del usuario al navegar la p\u00e1gina de internet espec\u00edfica, los cuales permiten grabar en el servidor de Internet algunos de sus datos.<\/p><p>Asimismo, las p\u00e1ginas de Internet pueden contener web beacons, que son im\u00e1genes insertadas en la p\u00e1gina o correo electr\u00f3nico, que pueden ser utilizadas para monitorear el comportamiento de un visitante, as\u00ed como para almacenar informaci\u00f3n sobre la direcci\u00f3n IP del usuario, duraci\u00f3n del tiempo de interacci\u00f3n de dicha p\u00e1gina y el tipo de navegador utilizado, entre otros.<\/p><p>En virtud de lo anterior, le informamos que la Empresa pudiera utilizar \u201ccookies\u201d y \u201cweb beacons\u201d para un mejor desempe\u00f1o del sitio.\u00a0 Estas \u201ccookies\u201d y otras tecnolog\u00edas pueden ser deshabilitadas en las opciones de configuraci\u00f3n del navegador que se est\u00e9 usando.<\/p><p>Sus datos personales pueden ser transferidos y tratados dentro y fuera del pa\u00eds de origen, por personas distintas a la Empresa, por lo que su informaci\u00f3n puede ser compartida con asesores, calificadores y reguladores de la Empresa, as\u00ed como a otras empresas y\/o instituciones, para los fines se\u00f1alados en este aviso.<\/p><p>Nos reservamos el derecho de efectuar en cualquier momento modificaciones o actualizaciones al presente aviso de privacidad, para la atenci\u00f3n de novedades legislativas, jurisprudenciales, pol\u00edticas internas, nuevos requerimientos solicitados por la Empresa, entre otras. Si usted no manifiesta su oposici\u00f3n para que sus datos personales sean transferidos, se entender\u00e1 que ha otorgado su consentimiento para ello.<\/p><p>Estas modificaciones estar\u00e1n disponibles al p\u00fablico a trav\u00e9s de los siguientes medios: la p\u00e1gina de internet de la Empresa. La fecha de la \u00faltima actualizaci\u00f3n al presente aviso de privacidad es el 14 de septiembre del 2022. Nos comprometemos a que todos los datos ser\u00e1n tratados bajo medidas de seguridad y garantizando su confidencialidad.<\/p><p>En todo momento usted podr\u00e1 revocar el consentimiento que nos ha otorgado para el tratamiento de sus datos personales y\/o sensibles, en su caso, a fin de que dejemos de hacer uso de los mismos. Para ello, es necesario que presente su petici\u00f3n por escrito mediante el siguiente procedimiento: por escrito directo en nuestras oficinas o a nuestro correo de\u00a0<a href=\"mailto:ventas@phregroup.com\">ventas@phregroup.com<\/a>\u00a0en la que deber\u00e1 incluir su nombre completo con n\u00famero de identificaci\u00f3n personal, haciendo la menci\u00f3n espec\u00edfica de que es su voluntad revocar el consentimiento, as\u00ed como los alcances y causas de dicha revocaci\u00f3n. A dicha solicitud se dar\u00e1 respuesta en un t\u00e9rmino no mayor a veinte d\u00edas h\u00e1biles, en la que se le informar\u00e1 las medidas que se han realizado para efectuar la revocaci\u00f3n solicitada.<\/p><p>En caso de que desee accesar, rectificar, cancelar u oponerse a ciertos datos personales suyos que conformen la base de datos de la Empresa, deber\u00e1 cumplir con los siguientes requisitos: enviar una solicitud de acceso, rectificaci\u00f3n, cancelaci\u00f3n u oposici\u00f3n de informaci\u00f3n al correo electr\u00f3nico de\u00a0<a href=\"mailto:ventas@phregroup.com\">ventas@phregroup.com<\/a>\u00a0acompa\u00f1ada de su documento de identidad personal con una descripci\u00f3n clara y precisa del deseo de accesar, rectificar, cancelar u oponerse a alg\u00fan dato personal contenido en la base de datos, detallando la acci\u00f3n que requiera que se realice sobre \u00e9stos y el motivo de su decisi\u00f3n.<\/p><p>Al aceptar y\/o llenar cualquier formulario de captaci\u00f3n de datos de la Empresa, usted consiente y autoriza que sus datos personales sean tratados conforme a lo previsto en el presente aviso de privacidad, que sus datos personales sean transferidos y tratados dentro y fuera del pa\u00eds por la Empresa, as\u00ed como por personas distintas a \u00e9sta Empresa y consiente que sus datos personales sensibles sean tratados conforme a los t\u00e9rminos y condiciones del presente aviso de privacidad bajo las pol\u00edticas de confidencialidad de la Empresa.<\/p>\t\t\t\t\t\t\t\t<\/div>\n\t\t\t\t<\/div>\n\t\t\t\t\t<\/div>\n\t\t<\/div>\n\t\t\t\t\t<\/div>\n\t\t<\/section>\n\t\t\t\t<\/div>\n\t\t","protected":false},"excerpt":{"rendered":"<p>Aviso de Privacidad PHRE Group (la \u201cEmpresa\u201d) con domicilio en Ciudad de Panam\u00e1, \u00c1rea bancaria, Av. Aquilino de la Guardia, Ocean Business Plaza, Oficina 1504, es responsable de recabar sus datos personales, del uso que se le d\u00e9 a los mismos y de su protecci\u00f3n. La solicitud de llenado del cualquier formulario generado por la [&hellip;]<\/p>\n","protected":false},"author":1,"featured_media":0,"parent":0,"menu_order":0,"comment_status":"closed","ping_status":"closed","template":"","meta":{"site-sidebar-layout":"no-sidebar","site-content-layout":"page-builder","ast-site-content-layout":"default","site-content-style":"default","site-sidebar-style":"default","ast-global-header-display":"","ast-banner-title-visibility":"","ast-main-header-display":"","ast-hfb-above-header-display":"","ast-hfb-below-header-display":"","ast-hfb-mobile-header-display":"","site-post-title":"disabled","ast-breadcrumbs-content":"","ast-featured-img":"disabled","footer-sml-layout":"","ast-disable-related-posts":"","theme-transparent-header-meta":"","adv-header-id-meta":"","stick-header-meta":"","header-above-stick-meta":"","header-main-stick-meta":"","header-below-stick-meta":"","astra-migrate-meta-layouts":"default","ast-page-background-enabled":"default","ast-page-background-meta":{"desktop":{"background-color":"","background-image":"","background-repeat":"repeat","background-position":"center center","background-size":"auto","background-attachment":"scroll","background-type":"","background-media":"","overlay-type":"","overlay-color":"","overlay-opacity":"","overlay-gradient":""},"tablet":{"background-color":"","background-image":"","background-repeat":"repeat","background-position":"center center","background-size":"auto","background-attachment":"scroll","background-type":"","background-media":"","overlay-type":"","overlay-color":"","overlay-opacity":"","overlay-gradient":""},"mobile":{"background-color":"","background-image":"","background-repeat":"repeat","background-position":"center center","background-size":"auto","background-attachment":"scroll","background-type":"","background-media":"","overlay-type":"","overlay-color":"","overlay-opacity":"","overlay-gradient":""}},"ast-content-background-meta":{"desktop":{"background-color":"var(--ast-global-color-5)","background-image":"","background-repeat":"repeat","background-position":"center center","background-size":"auto","background-attachment":"scroll","background-type":"","background-media":"","overlay-type":"","overlay-color":"","overlay-opacity":"","overlay-gradient":""},"tablet":{"background-color":"var(--ast-global-color-5)","background-image":"","background-repeat":"repeat","background-position":"center center","background-size":"auto","background-attachment":"scroll","background-type":"","background-media":"","overlay-type":"","overlay-color":"","overlay-opacity":"","overlay-gradient":""},"mobile":{"background-color":"var(--ast-global-color-5)","background-image":"","background-repeat":"repeat","background-position":"center center","background-size":"auto","background-attachment":"scroll","background-type":"","background-media":"","overlay-type":"","overlay-color":"","overlay-opacity":"","overlay-gradient":""}},"footnotes":""},"class_list":["post-1302","page","type-page","status-publish","hentry"],"_links":{"self":[{"href":"https:\/\/phregroup.com\/mkt\/yoo\/wp-json\/wp\/v2\/pages\/1302","targetHints":{"allow":["GET"]}}],"collection":[{"href":"https:\/\/phregroup.com\/mkt\/yoo\/wp-json\/wp\/v2\/pages"}],"about":[{"href":"https:\/\/phregroup.com\/mkt\/yoo\/wp-json\/wp\/v2\/types\/page"}],"author":[{"embeddable":true,"href":"https:\/\/phregroup.com\/mkt\/yoo\/wp-json\/wp\/v2\/users\/1"}],"replies":[{"embeddable":true,"href":"https:\/\/phregroup.com\/mkt\/yoo\/wp-json\/wp\/v2\/comments?post=1302"}],"version-history":[{"count":4,"href":"https:\/\/phregroup.com\/mkt\/yoo\/wp-json\/wp\/v2\/pages\/1302\/revisions"}],"predecessor-version":[{"id":1309,"href":"https:\/\/phregroup.com\/mkt\/yoo\/wp-json\/wp\/v2\/pages\/1302\/revisions\/1309"}],"wp:attachment":[{"href":"https:\/\/phregroup.com\/mkt\/yoo\/wp-json\/wp\/v2\/media?parent=1302"}],"curies":[{"name":"wp","href":"https:\/\/api.w.org\/{rel}","templated":true}]}}